{"id":22,"date":"2024-02-20T13:20:02","date_gmt":"2024-02-20T13:20:02","guid":{"rendered":"https:\/\/www.tuutukan.fi\/?page_id=22"},"modified":"2024-02-21T15:20:27","modified_gmt":"2024-02-21T13:20:27","slug":"tervetuloa-tuutukan-kennelin-kotisivuille","status":"publish","type":"page","link":"https:\/\/www.tuutukan.fi\/index.php\/tervetuloa-tuutukan-kennelin-kotisivuille\/","title":{"rendered":"Lyhyesti minusta"},"content":{"rendered":"\n<figure class=\"wp-block-gallery has-nested-images columns-default is-cropped wp-block-gallery-1 is-layout-flex wp-block-gallery-is-layout-flex\">\n<figure class=\"wp-block-image size-large is-style-default\"><img loading=\"lazy\" decoding=\"async\" width=\"1024\" height=\"718\" data-id=\"75\" src=\"https:\/\/www.tuutukan.fi\/wp-content\/uploads\/2024\/02\/Nayttokuva-2024-2-19-kello-14.39.41-1024x718.png\" alt=\"\" class=\"wp-image-75\"\/><\/figure>\n<\/figure>\n\n\n\n<p><\/p>\n\n\n\n<p>Tervetuloa kennelini Tuutukan kotisivuille.<\/p>\n\n\n\n<p>Nimeni on Sini-Maria Peltola ja perheess\u00e4mme on ollut jackrusselinterriereja jo vuodesta 2005. Vuonna 2005 sain ensimm\u00e4isen russelini Kinapak Lib Wollongongin, eli Nuutin. Kennelnimeni Tuutukan onkin yksi muunnos Nuutin lempinimist\u00e4. Nuutista alkoi kasvatusurani kun hankin h\u00e4nelle morsiammen l\u00e4htiess\u00e4ni opiskelemaan ja ensimm\u00e4inen kahden pennun pentueeni syntyi 2011 ja molemmat pennut j\u00e4iv\u00e4t meille kotiin. Vuonna 2018 k\u00e4vin kasvattajakurssin ja hain virallisen kennelnimeni Tuutukan. Ensimm\u00e4inen virallinen Tuutukan pentua syntyi 2018. Pennut kasvavat omassa kodissani Kouvolassa tai sijoituskoirieni kodeissa. Koiristani l\u00f6ytyy niin perinteisi\u00e4 koti- ja perhekoiria kuin aktiivisia n\u00e4yttely- ja muita harrastuskoiria.<\/p>\n\n\n\n<p>Kaikki Tuutukan koirat l\u00f6yd\u00e4t Kennelliiton Koiranetist\u00e4: <a href=\"https:\/\/jalostus.kennelliitto.fi\/frmKasvattaja.aspx?K=TUUTUKAN&amp;R=345\" target=\"_blank\" rel=\"noreferrer noopener\">Tuutukan Koiranettiin (Kennelliitto)<\/a><\/p>\n\n\n\n<p>Jos russeli rotuna ja tulevat pentueet kiinnostavat, ole yhteydess\u00e4.<\/p>\n\n\n\n<p>Terveisin <br><br>-Sini<\/p>\n","protected":false},"excerpt":{"rendered":"<p>Tervetuloa kennelini Tuutukan kotisivuille. Nimeni on Sini-Maria Peltola ja perheess\u00e4mme on ollut jackrusselinterriereja jo vuodesta 2005. Vuonna 2005 sain ensimm\u00e4isen russelini Kinapak Lib Wollongongin, eli Nuutin. Kennelnimeni Tuutukan onkin yksi muunnos Nuutin lempinimist\u00e4. Nuutista alkoi kasvatusurani kun hankin h\u00e4nelle morsiammen l\u00e4htiess\u00e4ni opiskelemaan ja ensimm\u00e4inen kahden pennun pentueeni syntyi 2011 ja molemmat pennut j\u00e4iv\u00e4t meille kotiin&#8230;.<\/p>\n","protected":false},"author":1,"featured_media":0,"parent":0,"menu_order":2,"comment_status":"closed","ping_status":"closed","template":"","meta":{"_monsterinsights_skip_tracking":false,"_monsterinsights_sitenote_active":false,"_monsterinsights_sitenote_note":"","_monsterinsights_sitenote_category":0,"_kad_post_transparent":"","_kad_post_title":"","_kad_post_layout":"","_kad_post_sidebar_id":"","_kad_post_content_style":"","_kad_post_vertical_padding":"","_kad_post_feature":"","_kad_post_feature_position":"","_kad_post_header":false,"_kad_post_footer":false,"_kad_post_classname":"","footnotes":""},"class_list":["post-22","page","type-page","status-publish","hentry"],"aioseo_notices":[],"_links":{"self":[{"href":"https:\/\/www.tuutukan.fi\/index.php\/wp-json\/wp\/v2\/pages\/22","targetHints":{"allow":["GET"]}}],"collection":[{"href":"https:\/\/www.tuutukan.fi\/index.php\/wp-json\/wp\/v2\/pages"}],"about":[{"href":"https:\/\/www.tuutukan.fi\/index.php\/wp-json\/wp\/v2\/types\/page"}],"author":[{"embeddable":true,"href":"https:\/\/www.tuutukan.fi\/index.php\/wp-json\/wp\/v2\/users\/1"}],"replies":[{"embeddable":true,"href":"https:\/\/www.tuutukan.fi\/index.php\/wp-json\/wp\/v2\/comments?post=22"}],"version-history":[{"count":13,"href":"https:\/\/www.tuutukan.fi\/index.php\/wp-json\/wp\/v2\/pages\/22\/revisions"}],"predecessor-version":[{"id":227,"href":"https:\/\/www.tuutukan.fi\/index.php\/wp-json\/wp\/v2\/pages\/22\/revisions\/227"}],"wp:attachment":[{"href":"https:\/\/www.tuutukan.fi\/index.php\/wp-json\/wp\/v2\/media?parent=22"}],"curies":[{"name":"wp","href":"https:\/\/api.w.org\/{rel}","templated":true}]}}